{"id":10620,"date":"2025-02-25T08:51:39","date_gmt":"2025-02-25T07:51:39","guid":{"rendered":"https:\/\/malmologistics.staging2.tokig.site\/news\/"},"modified":"2026-04-16T08:21:29","modified_gmt":"2026-04-16T06:21:29","slug":"insights","status":"publish","type":"page","link":"https:\/\/mlce.se\/en\/insights\/","title":{"rendered":"Insights"},"content":{"rendered":"\t\t<div data-elementor-type=\"wp-page\" data-elementor-id=\"10620\" class=\"elementor elementor-10620 elementor-64\" data-elementor-post-type=\"page\">\n\t\t\t\t<div class=\"elementor-element elementor-element-a1edb32 g1-container e-flex e-con-boxed e-con e-parent\" data-id=\"a1edb32\" data-element_type=\"container\" data-e-type=\"container\" data-settings=\"{&quot;background_background&quot;:&quot;classic&quot;}\">\n\t\t\t\t\t<div class=\"e-con-inner\">\n\t\t\t\t\t<\/div>\n\t\t\t\t<\/div>\n\t\t<div class=\"elementor-element elementor-element-5f5bbba g1-container e-flex e-con-boxed e-con e-parent\" data-id=\"5f5bbba\" data-element_type=\"container\" data-e-type=\"container\" data-settings=\"{&quot;background_background&quot;:&quot;classic&quot;}\">\n\t\t\t\t\t<div class=\"e-con-inner\">\n\t\t<div class=\"elementor-element elementor-element-2a1ae845 e-con-full e-flex e-con e-child\" data-id=\"2a1ae845\" data-element_type=\"container\" data-e-type=\"container\">\n\t\t\t\t<div class=\"elementor-element elementor-element-2e62868d elementor-grid-tablet-2 elementor-grid-3 elementor-grid-mobile-1 elementor-widget elementor-widget-loop-grid\" data-id=\"2e62868d\" data-element_type=\"widget\" data-e-type=\"widget\" data-settings=\"{&quot;template_id&quot;:10688,&quot;columns_tablet&quot;:2,&quot;row_gap&quot;:{&quot;unit&quot;:&quot;px&quot;,&quot;size&quot;:60,&quot;sizes&quot;:[]},&quot;columns&quot;:3,&quot;_skin&quot;:&quot;post&quot;,&quot;columns_mobile&quot;:&quot;1&quot;,&quot;edit_handle_selector&quot;:&quot;[data-elementor-type=\\&quot;loop-item\\&quot;]&quot;,&quot;row_gap_tablet_extra&quot;:{&quot;unit&quot;:&quot;px&quot;,&quot;size&quot;:&quot;&quot;,&quot;sizes&quot;:[]},&quot;row_gap_tablet&quot;:{&quot;unit&quot;:&quot;px&quot;,&quot;size&quot;:&quot;&quot;,&quot;sizes&quot;:[]},&quot;row_gap_mobile&quot;:{&quot;unit&quot;:&quot;px&quot;,&quot;size&quot;:&quot;&quot;,&quot;sizes&quot;:[]}}\" data-widget_type=\"loop-grid.post\">\n\t\t\t\t<div class=\"elementor-widget-container\">\n\t\t\t\t\t\t\t<div class=\"e-loop-nothing-found-message\">\n\t\t<\/div>\n\t\t\t\t\t\t<\/div>\n\t\t\t\t<\/div>\n\t\t\t\t<\/div>\n\t\t\t\t\t<\/div>\n\t\t\t\t<\/div>\n\t\t\t\t<\/div>\n\t\t","protected":false},"excerpt":{"rendered":"","protected":false},"author":7,"featured_media":10621,"parent":0,"menu_order":9,"comment_status":"closed","ping_status":"closed","template":"","meta":{"_acf_changed":false,"footnotes":""},"class_list":["post-10620","page","type-page","status-publish","has-post-thumbnail","hentry"],"acf":[],"yoast_head":"<!-- This site is optimized with the Yoast SEO plugin v27.4 - https:\/\/yoast.com\/product\/yoast-seo-wordpress\/ -->\n<title>Insights - Malm\u00f6 Logistics Centre<\/title>\n<meta name=\"robots\" content=\"index, follow, max-snippet:-1, max-image-preview:large, max-video-preview:-1\" \/>\n<link rel=\"canonical\" href=\"https:\/\/mlce.se\/en\/insights\/\" \/>\n<meta property=\"og:locale\" content=\"en_US\" \/>\n<meta property=\"og:type\" content=\"article\" \/>\n<meta property=\"og:title\" content=\"Insights - Malm\u00f6 Logistics Centre\" \/>\n<meta property=\"og:url\" content=\"https:\/\/mlce.se\/en\/insights\/\" \/>\n<meta property=\"og:site_name\" content=\"Malm\u00f6 Logistics Centre\" \/>\n<meta property=\"article:modified_time\" content=\"2026-04-16T06:21:29+00:00\" \/>\n<meta property=\"og:image\" content=\"https:\/\/mlce.se\/wp-content\/uploads\/2026\/03\/imgi_12_7xm.xyz725605.webp\" \/>\n\t<meta property=\"og:image:width\" content=\"1600\" \/>\n\t<meta property=\"og:image:height\" content=\"800\" \/>\n\t<meta property=\"og:image:type\" content=\"image\/webp\" \/>\n<meta name=\"twitter:card\" content=\"summary_large_image\" \/>\n<script type=\"application\/ld+json\" class=\"yoast-schema-graph\">{\"@context\":\"https:\\\/\\\/schema.org\",\"@graph\":[{\"@type\":\"WebPage\",\"@id\":\"https:\\\/\\\/mlce.se\\\/en\\\/insights\\\/\",\"url\":\"https:\\\/\\\/mlce.se\\\/en\\\/insights\\\/\",\"name\":\"Insights - Malm\u00f6 Logistics Centre\",\"isPartOf\":{\"@id\":\"https:\\\/\\\/mlce.se\\\/en\\\/#website\"},\"primaryImageOfPage\":{\"@id\":\"https:\\\/\\\/mlce.se\\\/en\\\/insights\\\/#primaryimage\"},\"image\":{\"@id\":\"https:\\\/\\\/mlce.se\\\/en\\\/insights\\\/#primaryimage\"},\"thumbnailUrl\":\"https:\\\/\\\/mlce.se\\\/wp-content\\\/uploads\\\/2026\\\/03\\\/imgi_12_7xm.xyz725605.webp\",\"datePublished\":\"2025-02-25T07:51:39+00:00\",\"dateModified\":\"2026-04-16T06:21:29+00:00\",\"breadcrumb\":{\"@id\":\"https:\\\/\\\/mlce.se\\\/en\\\/insights\\\/#breadcrumb\"},\"inLanguage\":\"en-US\",\"potentialAction\":[{\"@type\":\"ReadAction\",\"target\":[\"https:\\\/\\\/mlce.se\\\/en\\\/insights\\\/\"]}]},{\"@type\":\"ImageObject\",\"inLanguage\":\"en-US\",\"@id\":\"https:\\\/\\\/mlce.se\\\/en\\\/insights\\\/#primaryimage\",\"url\":\"https:\\\/\\\/mlce.se\\\/wp-content\\\/uploads\\\/2026\\\/03\\\/imgi_12_7xm.xyz725605.webp\",\"contentUrl\":\"https:\\\/\\\/mlce.se\\\/wp-content\\\/uploads\\\/2026\\\/03\\\/imgi_12_7xm.xyz725605.webp\",\"width\":1600,\"height\":800,\"caption\":\"Malmo Logistics-lager\"},{\"@type\":\"BreadcrumbList\",\"@id\":\"https:\\\/\\\/mlce.se\\\/en\\\/insights\\\/#breadcrumb\",\"itemListElement\":[{\"@type\":\"ListItem\",\"position\":1,\"name\":\"Hem\",\"item\":\"https:\\\/\\\/mlce.se\\\/en\\\/\"},{\"@type\":\"ListItem\",\"position\":2,\"name\":\"Insights\"}]},{\"@type\":\"WebSite\",\"@id\":\"https:\\\/\\\/mlce.se\\\/en\\\/#website\",\"url\":\"https:\\\/\\\/mlce.se\\\/en\\\/\",\"name\":\"Malm\u00f6 Logistics Centre\",\"description\":\"Vi tror p\u00e5 b\u00e4ttre\",\"publisher\":{\"@id\":\"https:\\\/\\\/mlce.se\\\/en\\\/#organization\"},\"potentialAction\":[{\"@type\":\"SearchAction\",\"target\":{\"@type\":\"EntryPoint\",\"urlTemplate\":\"https:\\\/\\\/mlce.se\\\/en\\\/?s={search_term_string}\"},\"query-input\":{\"@type\":\"PropertyValueSpecification\",\"valueRequired\":true,\"valueName\":\"search_term_string\"}}],\"inLanguage\":\"en-US\"},{\"@type\":\"Organization\",\"@id\":\"https:\\\/\\\/mlce.se\\\/en\\\/#organization\",\"name\":\"Malm\u00f6 Logistics Centre\",\"url\":\"https:\\\/\\\/mlce.se\\\/en\\\/\",\"logo\":{\"@type\":\"ImageObject\",\"inLanguage\":\"en-US\",\"@id\":\"https:\\\/\\\/mlce.se\\\/en\\\/#\\\/schema\\\/logo\\\/image\\\/\",\"url\":\"https:\\\/\\\/mlce.se\\\/wp-content\\\/uploads\\\/2026\\\/03\\\/Favicon.webp\",\"contentUrl\":\"https:\\\/\\\/mlce.se\\\/wp-content\\\/uploads\\\/2026\\\/03\\\/Favicon.webp\",\"width\":300,\"height\":300,\"caption\":\"Malm\u00f6 Logistics Centre\"},\"image\":{\"@id\":\"https:\\\/\\\/mlce.se\\\/en\\\/#\\\/schema\\\/logo\\\/image\\\/\"}}]}<\/script>\n<!-- \/ Yoast SEO plugin. -->","yoast_head_json":{"title":"Insights - Malm\u00f6 Logistics Centre","robots":{"index":"index","follow":"follow","max-snippet":"max-snippet:-1","max-image-preview":"max-image-preview:large","max-video-preview":"max-video-preview:-1"},"canonical":"https:\/\/mlce.se\/en\/insights\/","og_locale":"en_US","og_type":"article","og_title":"Insights - Malm\u00f6 Logistics Centre","og_url":"https:\/\/mlce.se\/en\/insights\/","og_site_name":"Malm\u00f6 Logistics Centre","article_modified_time":"2026-04-16T06:21:29+00:00","og_image":[{"width":1600,"height":800,"url":"https:\/\/mlce.se\/wp-content\/uploads\/2026\/03\/imgi_12_7xm.xyz725605.webp","type":"image\/webp"}],"twitter_card":"summary_large_image","schema":{"@context":"https:\/\/schema.org","@graph":[{"@type":"WebPage","@id":"https:\/\/mlce.se\/en\/insights\/","url":"https:\/\/mlce.se\/en\/insights\/","name":"Insights - Malm\u00f6 Logistics Centre","isPartOf":{"@id":"https:\/\/mlce.se\/en\/#website"},"primaryImageOfPage":{"@id":"https:\/\/mlce.se\/en\/insights\/#primaryimage"},"image":{"@id":"https:\/\/mlce.se\/en\/insights\/#primaryimage"},"thumbnailUrl":"https:\/\/mlce.se\/wp-content\/uploads\/2026\/03\/imgi_12_7xm.xyz725605.webp","datePublished":"2025-02-25T07:51:39+00:00","dateModified":"2026-04-16T06:21:29+00:00","breadcrumb":{"@id":"https:\/\/mlce.se\/en\/insights\/#breadcrumb"},"inLanguage":"en-US","potentialAction":[{"@type":"ReadAction","target":["https:\/\/mlce.se\/en\/insights\/"]}]},{"@type":"ImageObject","inLanguage":"en-US","@id":"https:\/\/mlce.se\/en\/insights\/#primaryimage","url":"https:\/\/mlce.se\/wp-content\/uploads\/2026\/03\/imgi_12_7xm.xyz725605.webp","contentUrl":"https:\/\/mlce.se\/wp-content\/uploads\/2026\/03\/imgi_12_7xm.xyz725605.webp","width":1600,"height":800,"caption":"Malmo Logistics-lager"},{"@type":"BreadcrumbList","@id":"https:\/\/mlce.se\/en\/insights\/#breadcrumb","itemListElement":[{"@type":"ListItem","position":1,"name":"Hem","item":"https:\/\/mlce.se\/en\/"},{"@type":"ListItem","position":2,"name":"Insights"}]},{"@type":"WebSite","@id":"https:\/\/mlce.se\/en\/#website","url":"https:\/\/mlce.se\/en\/","name":"Malm\u00f6 Logistics Centre","description":"Vi tror p\u00e5 b\u00e4ttre","publisher":{"@id":"https:\/\/mlce.se\/en\/#organization"},"potentialAction":[{"@type":"SearchAction","target":{"@type":"EntryPoint","urlTemplate":"https:\/\/mlce.se\/en\/?s={search_term_string}"},"query-input":{"@type":"PropertyValueSpecification","valueRequired":true,"valueName":"search_term_string"}}],"inLanguage":"en-US"},{"@type":"Organization","@id":"https:\/\/mlce.se\/en\/#organization","name":"Malm\u00f6 Logistics Centre","url":"https:\/\/mlce.se\/en\/","logo":{"@type":"ImageObject","inLanguage":"en-US","@id":"https:\/\/mlce.se\/en\/#\/schema\/logo\/image\/","url":"https:\/\/mlce.se\/wp-content\/uploads\/2026\/03\/Favicon.webp","contentUrl":"https:\/\/mlce.se\/wp-content\/uploads\/2026\/03\/Favicon.webp","width":300,"height":300,"caption":"Malm\u00f6 Logistics Centre"},"image":{"@id":"https:\/\/mlce.se\/en\/#\/schema\/logo\/image\/"}}]}},"_links":{"self":[{"href":"https:\/\/mlce.se\/en\/wp-json\/wp\/v2\/pages\/10620","targetHints":{"allow":["GET"]}}],"collection":[{"href":"https:\/\/mlce.se\/en\/wp-json\/wp\/v2\/pages"}],"about":[{"href":"https:\/\/mlce.se\/en\/wp-json\/wp\/v2\/types\/page"}],"author":[{"embeddable":true,"href":"https:\/\/mlce.se\/en\/wp-json\/wp\/v2\/users\/7"}],"replies":[{"embeddable":true,"href":"https:\/\/mlce.se\/en\/wp-json\/wp\/v2\/comments?post=10620"}],"version-history":[{"count":2,"href":"https:\/\/mlce.se\/en\/wp-json\/wp\/v2\/pages\/10620\/revisions"}],"predecessor-version":[{"id":10765,"href":"https:\/\/mlce.se\/en\/wp-json\/wp\/v2\/pages\/10620\/revisions\/10765"}],"wp:featuredmedia":[{"embeddable":true,"href":"https:\/\/mlce.se\/en\/wp-json\/wp\/v2\/media\/10621"}],"wp:attachment":[{"href":"https:\/\/mlce.se\/en\/wp-json\/wp\/v2\/media?parent=10620"}],"curies":[{"name":"wp","href":"https:\/\/api.w.org\/{rel}","templated":true}]}}