{"id":10623,"date":"2025-02-20T06:09:12","date_gmt":"2025-02-20T05:09:12","guid":{"rendered":"https:\/\/malmologistics.staging2.tokig.site\/privacy-policy\/"},"modified":"2026-03-27T09:32:04","modified_gmt":"2026-03-27T08:32:04","slug":"privacy-policy","status":"publish","type":"page","link":"https:\/\/mlce.se\/en\/privacy-policy\/","title":{"rendered":"Privacy Policy"},"content":{"rendered":"\t\t<div data-elementor-type=\"wp-page\" data-elementor-id=\"10623\" class=\"elementor elementor-10623 elementor-3\" data-elementor-post-type=\"page\">\n\t\t\t\t<div class=\"elementor-element elementor-element-1416811 g1-container e-flex e-con-boxed e-con e-parent\" data-id=\"1416811\" data-element_type=\"container\" data-e-type=\"container\">\n\t\t\t\t\t<div class=\"e-con-inner\">\n\t\t\t\t<div class=\"elementor-element elementor-element-231a2c7 elementor-widget elementor-widget-heading\" data-id=\"231a2c7\" data-element_type=\"widget\" data-e-type=\"widget\" data-widget_type=\"heading.default\">\n\t\t\t\t<div class=\"elementor-widget-container\">\n\t\t\t\t\t<h2 class=\"elementor-heading-title elementor-size-default\">Privacy Policy<\/h2>\t\t\t\t<\/div>\n\t\t\t\t<\/div>\n\t\t\t\t<div class=\"elementor-element elementor-element-fd159e6 elementor-widget elementor-widget-text-editor\" data-id=\"fd159e6\" data-element_type=\"widget\" data-e-type=\"widget\" data-widget_type=\"text-editor.default\">\n\t\t\t\t<div class=\"elementor-widget-container\">\n\t\t\t\t\t\t\t\t\tYour privacy is important to us. It is Malm\u00f6 Logistics Centre\u2019s policy to respect your privacy regarding any information we may collect from you on our website, <a href=\"http:\/\/https:\/\/mlce.se\/en\/\">https:\/\/mlce.se\/en\/<\/a>.<br><br>We collect information to contact, establish, and\/or maintain a business relationship. We collect it in a fair and lawful manner, with your knowledge and consent. We also let you know why we are collecting it and how it will be used.<br><br>The information stored consists of the fields in each submission form. We retain this information for as long as necessary, taking into account the purposes of the processing. Our collection of personal data is based on consent.<br><br>You have the right to request information about what personal data we have stored about you. To do this, please contact the data controller. You also have the right to request the correction or deletion of your personal data at any time.<br><br>Your continued use of our website will be regarded as acceptance of our practices around privacy and personal information. If you have any questions about how we handle user data and personal information, please feel free to contact us.<br><br><strong>Contact details for the data controller:<\/strong>\t\t\t\t\t\t\t\t<\/div>\n\t\t\t\t<\/div>\n\t\t<div class=\"elementor-element elementor-element-507dc4c e-con-full e-flex e-con e-child\" data-id=\"507dc4c\" data-element_type=\"container\" data-e-type=\"container\">\n\t\t<div class=\"elementor-element elementor-element-569142e e-con-full e-flex e-con e-child\" data-id=\"569142e\" data-element_type=\"container\" data-e-type=\"container\">\n\t\t\t\t<div class=\"elementor-element elementor-element-8937f24 elementor-widget elementor-widget-heading\" data-id=\"8937f24\" data-element_type=\"widget\" data-e-type=\"widget\" data-widget_type=\"heading.default\">\n\t\t\t\t<div class=\"elementor-widget-container\">\n\t\t\t\t\t<p class=\"elementor-heading-title elementor-size-default\">Name:<\/p>\t\t\t\t<\/div>\n\t\t\t\t<\/div>\n\t\t\t\t<div class=\"elementor-element elementor-element-94d330b elementor-widget elementor-widget-heading\" data-id=\"94d330b\" data-element_type=\"widget\" data-e-type=\"widget\" data-widget_type=\"heading.default\">\n\t\t\t\t<div class=\"elementor-widget-container\">\n\t\t\t\t\t<p class=\"elementor-heading-title elementor-size-default\">Malm\u00f6 Logistics Centre<\/p>\t\t\t\t<\/div>\n\t\t\t\t<\/div>\n\t\t\t\t<\/div>\n\t\t<div class=\"elementor-element elementor-element-8559fde e-con-full e-flex e-con e-child\" data-id=\"8559fde\" data-element_type=\"container\" data-e-type=\"container\">\n\t\t\t\t<div class=\"elementor-element elementor-element-f1965d7 elementor-widget elementor-widget-heading\" data-id=\"f1965d7\" data-element_type=\"widget\" data-e-type=\"widget\" data-widget_type=\"heading.default\">\n\t\t\t\t<div class=\"elementor-widget-container\">\n\t\t\t\t\t<p class=\"elementor-heading-title elementor-size-default\">Phone number<\/p>\t\t\t\t<\/div>\n\t\t\t\t<\/div>\n\t\t\t\t<div class=\"elementor-element elementor-element-559fb84 elementor-widget elementor-widget-heading\" data-id=\"559fb84\" data-element_type=\"widget\" data-e-type=\"widget\" data-widget_type=\"heading.default\">\n\t\t\t\t<div class=\"elementor-widget-container\">\n\t\t\t\t\t<p class=\"elementor-heading-title elementor-size-default\"><a href=\"tel:+46406158900\">040-615 89 00<\/a><\/p>\t\t\t\t<\/div>\n\t\t\t\t<\/div>\n\t\t\t\t<\/div>\n\t\t<div class=\"elementor-element elementor-element-510ac12 e-con-full e-flex e-con e-child\" data-id=\"510ac12\" data-element_type=\"container\" data-e-type=\"container\">\n\t\t\t\t<div class=\"elementor-element elementor-element-6d67dd5 elementor-widget elementor-widget-heading\" data-id=\"6d67dd5\" data-element_type=\"widget\" data-e-type=\"widget\" data-widget_type=\"heading.default\">\n\t\t\t\t<div class=\"elementor-widget-container\">\n\t\t\t\t\t<p class=\"elementor-heading-title elementor-size-default\">Email address<\/p>\t\t\t\t<\/div>\n\t\t\t\t<\/div>\n\t\t\t\t<div class=\"elementor-element elementor-element-8215c67 elementor-widget elementor-widget-heading\" data-id=\"8215c67\" data-element_type=\"widget\" data-e-type=\"widget\" data-widget_type=\"heading.default\">\n\t\t\t\t<div class=\"elementor-widget-container\">\n\t\t\t\t\t<p class=\"elementor-heading-title elementor-size-default\"><a href=\"mailto:info@example.com\">office@mlce.se<\/a><\/p>\t\t\t\t<\/div>\n\t\t\t\t<\/div>\n\t\t\t\t<\/div>\n\t\t\t\t<\/div>\n\t\t\t\t\t<\/div>\n\t\t\t\t<\/div>\n\t\t\t\t<\/div>\n\t\t","protected":false},"excerpt":{"rendered":"<p>Privacy Policy Your privacy is important to us. It is \u2019s policy to respect your privacy regarding any information we may collect from you on our website, . We collect information to contact, establish, and\/or maintain a business relationship. We collect it in a fair and lawful manner, with your knowledge and consent. We also [&hellip;]<\/p>\n","protected":false},"author":7,"featured_media":0,"parent":0,"menu_order":12,"comment_status":"closed","ping_status":"closed","template":"","meta":{"_acf_changed":false,"footnotes":""},"class_list":["post-10623","page","type-page","status-publish","hentry"],"acf":[],"yoast_head":"<!-- This site is optimized with the Yoast SEO plugin v27.4 - https:\/\/yoast.com\/product\/yoast-seo-wordpress\/ -->\n<title>Privacy Policy - Malm\u00f6 Logistics Centre<\/title>\n<meta name=\"robots\" content=\"index, follow, max-snippet:-1, max-image-preview:large, max-video-preview:-1\" \/>\n<link rel=\"canonical\" href=\"https:\/\/mlce.se\/en\/privacy-policy\/\" \/>\n<meta property=\"og:locale\" content=\"en_US\" \/>\n<meta property=\"og:type\" content=\"article\" \/>\n<meta property=\"og:title\" content=\"Privacy Policy - Malm\u00f6 Logistics Centre\" \/>\n<meta property=\"og:description\" content=\"Privacy Policy Your privacy is important to us. It is \u2019s policy to respect your privacy regarding any information we may collect from you on our website, . We collect information to contact, establish, and\/or maintain a business relationship. We collect it in a fair and lawful manner, with your knowledge and consent. We also [&hellip;]\" \/>\n<meta property=\"og:url\" content=\"https:\/\/mlce.se\/en\/privacy-policy\/\" \/>\n<meta property=\"og:site_name\" content=\"Malm\u00f6 Logistics Centre\" \/>\n<meta property=\"article:modified_time\" content=\"2026-03-27T08:32:04+00:00\" \/>\n<meta name=\"twitter:card\" content=\"summary_large_image\" \/>\n<meta name=\"twitter:label1\" content=\"Est. reading time\" \/>\n\t<meta name=\"twitter:data1\" content=\"1 minute\" \/>\n<script type=\"application\/ld+json\" class=\"yoast-schema-graph\">{\"@context\":\"https:\\\/\\\/schema.org\",\"@graph\":[{\"@type\":\"WebPage\",\"@id\":\"https:\\\/\\\/mlce.se\\\/en\\\/privacy-policy\\\/\",\"url\":\"https:\\\/\\\/mlce.se\\\/en\\\/privacy-policy\\\/\",\"name\":\"Privacy Policy - Malm\u00f6 Logistics Centre\",\"isPartOf\":{\"@id\":\"https:\\\/\\\/mlce.se\\\/en\\\/#website\"},\"datePublished\":\"2025-02-20T05:09:12+00:00\",\"dateModified\":\"2026-03-27T08:32:04+00:00\",\"breadcrumb\":{\"@id\":\"https:\\\/\\\/mlce.se\\\/en\\\/privacy-policy\\\/#breadcrumb\"},\"inLanguage\":\"en-US\",\"potentialAction\":[{\"@type\":\"ReadAction\",\"target\":[\"https:\\\/\\\/mlce.se\\\/en\\\/privacy-policy\\\/\"]}]},{\"@type\":\"BreadcrumbList\",\"@id\":\"https:\\\/\\\/mlce.se\\\/en\\\/privacy-policy\\\/#breadcrumb\",\"itemListElement\":[{\"@type\":\"ListItem\",\"position\":1,\"name\":\"Hem\",\"item\":\"https:\\\/\\\/mlce.se\\\/en\\\/\"},{\"@type\":\"ListItem\",\"position\":2,\"name\":\"Privacy Policy\"}]},{\"@type\":\"WebSite\",\"@id\":\"https:\\\/\\\/mlce.se\\\/en\\\/#website\",\"url\":\"https:\\\/\\\/mlce.se\\\/en\\\/\",\"name\":\"Malm\u00f6 Logistics Centre\",\"description\":\"Vi tror p\u00e5 b\u00e4ttre\",\"publisher\":{\"@id\":\"https:\\\/\\\/mlce.se\\\/en\\\/#organization\"},\"potentialAction\":[{\"@type\":\"SearchAction\",\"target\":{\"@type\":\"EntryPoint\",\"urlTemplate\":\"https:\\\/\\\/mlce.se\\\/en\\\/?s={search_term_string}\"},\"query-input\":{\"@type\":\"PropertyValueSpecification\",\"valueRequired\":true,\"valueName\":\"search_term_string\"}}],\"inLanguage\":\"en-US\"},{\"@type\":\"Organization\",\"@id\":\"https:\\\/\\\/mlce.se\\\/en\\\/#organization\",\"name\":\"Malm\u00f6 Logistics Centre\",\"url\":\"https:\\\/\\\/mlce.se\\\/en\\\/\",\"logo\":{\"@type\":\"ImageObject\",\"inLanguage\":\"en-US\",\"@id\":\"https:\\\/\\\/mlce.se\\\/en\\\/#\\\/schema\\\/logo\\\/image\\\/\",\"url\":\"https:\\\/\\\/mlce.se\\\/wp-content\\\/uploads\\\/2026\\\/03\\\/Favicon.webp\",\"contentUrl\":\"https:\\\/\\\/mlce.se\\\/wp-content\\\/uploads\\\/2026\\\/03\\\/Favicon.webp\",\"width\":300,\"height\":300,\"caption\":\"Malm\u00f6 Logistics Centre\"},\"image\":{\"@id\":\"https:\\\/\\\/mlce.se\\\/en\\\/#\\\/schema\\\/logo\\\/image\\\/\"}}]}<\/script>\n<!-- \/ Yoast SEO plugin. -->","yoast_head_json":{"title":"Privacy Policy - Malm\u00f6 Logistics Centre","robots":{"index":"index","follow":"follow","max-snippet":"max-snippet:-1","max-image-preview":"max-image-preview:large","max-video-preview":"max-video-preview:-1"},"canonical":"https:\/\/mlce.se\/en\/privacy-policy\/","og_locale":"en_US","og_type":"article","og_title":"Privacy Policy - Malm\u00f6 Logistics Centre","og_description":"Privacy Policy Your privacy is important to us. It is \u2019s policy to respect your privacy regarding any information we may collect from you on our website, . We collect information to contact, establish, and\/or maintain a business relationship. We collect it in a fair and lawful manner, with your knowledge and consent. We also [&hellip;]","og_url":"https:\/\/mlce.se\/en\/privacy-policy\/","og_site_name":"Malm\u00f6 Logistics Centre","article_modified_time":"2026-03-27T08:32:04+00:00","twitter_card":"summary_large_image","twitter_misc":{"Est. reading time":"1 minute"},"schema":{"@context":"https:\/\/schema.org","@graph":[{"@type":"WebPage","@id":"https:\/\/mlce.se\/en\/privacy-policy\/","url":"https:\/\/mlce.se\/en\/privacy-policy\/","name":"Privacy Policy - Malm\u00f6 Logistics Centre","isPartOf":{"@id":"https:\/\/mlce.se\/en\/#website"},"datePublished":"2025-02-20T05:09:12+00:00","dateModified":"2026-03-27T08:32:04+00:00","breadcrumb":{"@id":"https:\/\/mlce.se\/en\/privacy-policy\/#breadcrumb"},"inLanguage":"en-US","potentialAction":[{"@type":"ReadAction","target":["https:\/\/mlce.se\/en\/privacy-policy\/"]}]},{"@type":"BreadcrumbList","@id":"https:\/\/mlce.se\/en\/privacy-policy\/#breadcrumb","itemListElement":[{"@type":"ListItem","position":1,"name":"Hem","item":"https:\/\/mlce.se\/en\/"},{"@type":"ListItem","position":2,"name":"Privacy Policy"}]},{"@type":"WebSite","@id":"https:\/\/mlce.se\/en\/#website","url":"https:\/\/mlce.se\/en\/","name":"Malm\u00f6 Logistics Centre","description":"Vi tror p\u00e5 b\u00e4ttre","publisher":{"@id":"https:\/\/mlce.se\/en\/#organization"},"potentialAction":[{"@type":"SearchAction","target":{"@type":"EntryPoint","urlTemplate":"https:\/\/mlce.se\/en\/?s={search_term_string}"},"query-input":{"@type":"PropertyValueSpecification","valueRequired":true,"valueName":"search_term_string"}}],"inLanguage":"en-US"},{"@type":"Organization","@id":"https:\/\/mlce.se\/en\/#organization","name":"Malm\u00f6 Logistics Centre","url":"https:\/\/mlce.se\/en\/","logo":{"@type":"ImageObject","inLanguage":"en-US","@id":"https:\/\/mlce.se\/en\/#\/schema\/logo\/image\/","url":"https:\/\/mlce.se\/wp-content\/uploads\/2026\/03\/Favicon.webp","contentUrl":"https:\/\/mlce.se\/wp-content\/uploads\/2026\/03\/Favicon.webp","width":300,"height":300,"caption":"Malm\u00f6 Logistics Centre"},"image":{"@id":"https:\/\/mlce.se\/en\/#\/schema\/logo\/image\/"}}]}},"_links":{"self":[{"href":"https:\/\/mlce.se\/en\/wp-json\/wp\/v2\/pages\/10623","targetHints":{"allow":["GET"]}}],"collection":[{"href":"https:\/\/mlce.se\/en\/wp-json\/wp\/v2\/pages"}],"about":[{"href":"https:\/\/mlce.se\/en\/wp-json\/wp\/v2\/types\/page"}],"author":[{"embeddable":true,"href":"https:\/\/mlce.se\/en\/wp-json\/wp\/v2\/users\/7"}],"replies":[{"embeddable":true,"href":"https:\/\/mlce.se\/en\/wp-json\/wp\/v2\/comments?post=10623"}],"version-history":[{"count":1,"href":"https:\/\/mlce.se\/en\/wp-json\/wp\/v2\/pages\/10623\/revisions"}],"predecessor-version":[{"id":10624,"href":"https:\/\/mlce.se\/en\/wp-json\/wp\/v2\/pages\/10623\/revisions\/10624"}],"wp:attachment":[{"href":"https:\/\/mlce.se\/en\/wp-json\/wp\/v2\/media?parent=10623"}],"curies":[{"name":"wp","href":"https:\/\/api.w.org\/{rel}","templated":true}]}}